{"id":925,"date":"2017-07-04T15:06:54","date_gmt":"2017-07-04T18:06:54","guid":{"rendered":"http:\/\/insightpsicologia.com.br\/novo\/?page_id=925"},"modified":"2023-02-01T13:38:47","modified_gmt":"2023-02-01T16:38:47","slug":"clientes","status":"publish","type":"page","link":"https:\/\/insightpsicologia.com.br\/novo\/clientes\/","title":{"rendered":"Clientes"},"content":{"rendered":"<p>A <strong>Insight Psicologia<\/strong>&nbsp;\u00e9 parceira dos clientes e trabalha com divulga\u00e7\u00e3o para um p\u00fablico selecionado.<\/p>\n<h2><strong>Quer divulgar seu produto ou servi\u00e7o? <\/strong><\/h2>\n<p>Entre em contato conosco, preencha o formul\u00e1rio abaixo:<\/p>\n","protected":false},"excerpt":{"rendered":"<p>A Insight Psicologia&nbsp;\u00e9 parceira dos clientes e trabalha com divulga\u00e7\u00e3o para um p\u00fablico selecionado. Quer divulgar seu produto ou servi\u00e7o? Entre em contato conosco, preencha o formul\u00e1rio abaixo:<\/p>\n","protected":false},"author":2,"featured_media":0,"parent":0,"menu_order":0,"comment_status":"closed","ping_status":"closed","template":"","meta":{"_acf_changed":false,"_exactmetrics_skip_tracking":false,"_exactmetrics_sitenote_active":false,"_exactmetrics_sitenote_note":"","_exactmetrics_sitenote_category":0,"footnotes":""},"class_list":["post-925","page","type-page","status-publish","hentry"],"acf":[],"_links":{"self":[{"href":"https:\/\/insightpsicologia.com.br\/novo\/wp-json\/wp\/v2\/pages\/925","targetHints":{"allow":["GET"]}}],"collection":[{"href":"https:\/\/insightpsicologia.com.br\/novo\/wp-json\/wp\/v2\/pages"}],"about":[{"href":"https:\/\/insightpsicologia.com.br\/novo\/wp-json\/wp\/v2\/types\/page"}],"author":[{"embeddable":true,"href":"https:\/\/insightpsicologia.com.br\/novo\/wp-json\/wp\/v2\/users\/2"}],"replies":[{"embeddable":true,"href":"https:\/\/insightpsicologia.com.br\/novo\/wp-json\/wp\/v2\/comments?post=925"}],"version-history":[{"count":8,"href":"https:\/\/insightpsicologia.com.br\/novo\/wp-json\/wp\/v2\/pages\/925\/revisions"}],"predecessor-version":[{"id":7888,"href":"https:\/\/insightpsicologia.com.br\/novo\/wp-json\/wp\/v2\/pages\/925\/revisions\/7888"}],"wp:attachment":[{"href":"https:\/\/insightpsicologia.com.br\/novo\/wp-json\/wp\/v2\/media?parent=925"}],"curies":[{"name":"wp","href":"https:\/\/api.w.org\/{rel}","templated":true}]}}