{"id":916,"date":"2017-06-27T17:36:41","date_gmt":"2017-06-27T20:36:41","guid":{"rendered":"http:\/\/insightpsicologia.com.br\/novo\/?page_id=916"},"modified":"2026-01-02T16:35:52","modified_gmt":"2026-01-02T19:35:52","slug":"links","status":"publish","type":"page","link":"http:\/\/insightpsicologia.com.br\/novo\/links\/","title":{"rendered":"Links"},"content":{"rendered":"\n<ul class=\"wp-block-list\">\n<li><a href=\"http:\/\/site.cfp.org.br\/\" target=\"_blank\" rel=\"noopener noreferrer\">Conselho Federal de Psicologia<\/a><\/li>\n\n\n\n<li><a href=\"http:\/\/www.crprn.org.br\/\" target=\"_blank\" rel=\"noopener noreferrer\">Conselho Regional de Psicologia &#8211; RN<\/a><\/li>\n\n\n\n<li><a href=\"https:\/\/site.cfp.org.br\/wp-content\/uploads\/2025\/12\/3699.1___ANEXO_REF_AO_OFICIO_N__009_20225___FENAPSI.pdf\" target=\"_blank\" rel=\"noopener noreferrer\">Tabela de Honor\u00e1rios<\/a><\/li>\n\n\n\n<li><a href=\"https:\/\/site.cfp.org.br\/wp-content\/uploads\/2022\/06\/WEB_29535_Codigo_de_etica_da_profissao_14.04-1.pdf\" target=\"_blank\" rel=\"noopener noreferrer\">C\u00f3digo de \u00c9tica<\/a><\/li>\n\n\n\n<li><a href=\"https:\/\/atosoficiais.com.br\/cfp\/resolucao-do-exercicio-profissional-n-31-2022-estabelece-diretrizes-para-a-realizacao-de-avaliacao-psicologica-no-exercicio-profissional-da-psicologa-e-do-psicologo-regulamenta-o-sistema-de-avaliacao-de-testes-psicologicos-satepsi-e-revoga-a-resolucao-cfp-no-09-2018?origin=instituicao\">Nova resolu\u00e7\u00e3o &#8211; Diretrizes para a Avalia\u00e7\u00e3o Psicol\u00f3gica<\/a><\/li>\n<\/ul>\n","protected":false},"excerpt":{"rendered":"","protected":false},"author":2,"featured_media":1403,"parent":0,"menu_order":0,"comment_status":"closed","ping_status":"closed","template":"","meta":{"_acf_changed":false,"_exactmetrics_skip_tracking":false,"_exactmetrics_sitenote_active":false,"_exactmetrics_sitenote_note":"","_exactmetrics_sitenote_category":0,"footnotes":""},"class_list":["post-916","page","type-page","status-publish","has-post-thumbnail","hentry"],"acf":[],"_links":{"self":[{"href":"http:\/\/insightpsicologia.com.br\/novo\/wp-json\/wp\/v2\/pages\/916","targetHints":{"allow":["GET"]}}],"collection":[{"href":"http:\/\/insightpsicologia.com.br\/novo\/wp-json\/wp\/v2\/pages"}],"about":[{"href":"http:\/\/insightpsicologia.com.br\/novo\/wp-json\/wp\/v2\/types\/page"}],"author":[{"embeddable":true,"href":"http:\/\/insightpsicologia.com.br\/novo\/wp-json\/wp\/v2\/users\/2"}],"replies":[{"embeddable":true,"href":"http:\/\/insightpsicologia.com.br\/novo\/wp-json\/wp\/v2\/comments?post=916"}],"version-history":[{"count":20,"href":"http:\/\/insightpsicologia.com.br\/novo\/wp-json\/wp\/v2\/pages\/916\/revisions"}],"predecessor-version":[{"id":9140,"href":"http:\/\/insightpsicologia.com.br\/novo\/wp-json\/wp\/v2\/pages\/916\/revisions\/9140"}],"wp:featuredmedia":[{"embeddable":true,"href":"http:\/\/insightpsicologia.com.br\/novo\/wp-json\/wp\/v2\/media\/1403"}],"wp:attachment":[{"href":"http:\/\/insightpsicologia.com.br\/novo\/wp-json\/wp\/v2\/media?parent=916"}],"curies":[{"name":"wp","href":"https:\/\/api.w.org\/{rel}","templated":true}]}}